{"id":1618,"date":"2021-02-13T23:27:31","date_gmt":"2021-02-13T22:27:31","guid":{"rendered":"https:\/\/www.educal.sk\/?page_id=1618"},"modified":"2024-02-12T22:04:37","modified_gmt":"2024-02-12T21:04:37","slug":"cookie","status":"publish","type":"page","link":"https:\/\/www.educal.sk\/en\/cookie\/","title":{"rendered":"Cookie"},"content":{"rendered":"<div data-elementor-type=\"wp-page\" data-elementor-id=\"1618\" class=\"elementor elementor-1618\" data-elementor-post-type=\"page\">\n\t\t\t\t\t\t<section class=\"elementor-section elementor-top-section elementor-element elementor-element-d9284f9 ct-section-stretched elementor-section-boxed elementor-section-height-default elementor-section-height-default\" data-id=\"d9284f9\" data-element_type=\"section\" data-e-type=\"section\" data-settings=\"{&quot;background_background&quot;:&quot;classic&quot;}\">\n\t\t\t\t\t\t<div class=\"elementor-container elementor-column-gap-default\">\n\t\t\t\t\t<div class=\"elementor-column elementor-col-100 elementor-top-column elementor-element elementor-element-c145e01\" data-id=\"c145e01\" data-element_type=\"column\" data-e-type=\"column\" data-settings=\"{&quot;background_background&quot;:&quot;classic&quot;}\">\n\t\t\t<div class=\"elementor-widget-wrap elementor-element-populated\">\n\t\t\t\t\t\t<div class=\"elementor-element elementor-element-9718d11 elementor-widget elementor-widget-heading\" data-id=\"9718d11\" data-element_type=\"widget\" data-e-type=\"widget\" data-widget_type=\"heading.default\">\n\t\t\t\t<div class=\"elementor-widget-container\">\n\t\t\t\t\t<h1 class=\"elementor-heading-title elementor-size-default\">Cookie<\/h1>\t\t\t\t<\/div>\n\t\t\t\t<\/div>\n\t\t\t\t<div class=\"elementor-element elementor-element-c8c99d3 elementor-widget elementor-widget-heading\" data-id=\"c8c99d3\" data-element_type=\"widget\" data-e-type=\"widget\" data-widget_type=\"heading.default\">\n\t\t\t\t<div class=\"elementor-widget-container\">\n\t\t\t\t\t<h2 class=\"elementor-heading-title elementor-size-default\">Inform\u00e1cie o cookie<\/h2>\t\t\t\t<\/div>\n\t\t\t\t<\/div>\n\t\t\t\t<div class=\"elementor-element elementor-element-88fa1ba elementor-widget elementor-widget-text-editor\" data-id=\"88fa1ba\" data-element_type=\"widget\" data-e-type=\"widget\" data-widget_type=\"text-editor.default\">\n\t\t\t\t<div class=\"elementor-widget-container\">\n\t\t\t\t\t\t\t\t\t<p>EDUCAL s.r.o. (\u010falej \u201eED\u201c) \u00a0vyu\u017e\u00edva na internetovej str\u00e1nke www.educal.sk (\u010falej \u201eWeb\u201c) a jej podstr\u00e1nkach s\u00fabory cookies, ktor\u00e9 sl\u00fa\u017eia na optimaliz\u00e1ciu prev\u00e1dzky a z\u00edskanie d\u00e1t o sp\u00f4sobu pou\u017e\u00edvan\u00ed Webu jej n\u00e1v\u0161tevn\u00edkmi. Je to be\u017en\u00e1 prax v\u00e4\u010d\u0161iny ve\u013ek\u00fdch webov\u00fdch lokal\u00edt.<\/p>\t\t\t\t\t\t\t\t<\/div>\n\t\t\t\t<\/div>\n\t\t\t\t<div class=\"elementor-element elementor-element-0dfa309 elementor-widget elementor-widget-heading\" data-id=\"0dfa309\" data-element_type=\"widget\" data-e-type=\"widget\" data-widget_type=\"heading.default\">\n\t\t\t\t<div class=\"elementor-widget-container\">\n\t\t\t\t\t<h2 class=\"elementor-heading-title elementor-size-default\">\u010co s\u00fa s\u00fabory cookies<\/h2>\t\t\t\t<\/div>\n\t\t\t\t<\/div>\n\t\t\t\t<div class=\"elementor-element elementor-element-b4042c6 elementor-widget elementor-widget-text-editor\" data-id=\"b4042c6\" data-element_type=\"widget\" data-e-type=\"widget\" data-widget_type=\"text-editor.default\">\n\t\t\t\t<div class=\"elementor-widget-container\">\n\t\t\t\t\t\t\t\t\t<p class=\"paragraph-lg pb-3\">\u201eCookie\u201c je mal\u00fd textov\u00fd s\u00fabor, ktor\u00fd Web uklad\u00e1 v zariaden\u00ed n\u00e1v\u0161tevn\u00edka Webu. V\u010faka tomuto s\u00faboru m\u00e1 Web na ur\u010dit\u00fd \u010das pr\u00edstupn\u00e9 inform\u00e1cie o krokoch a preferenci\u00e1ch n\u00e1v\u0161tevn\u00edka (ako s\u00fa jazyk, ve\u013ekos\u0165 p\u00edsma, farba textu, farba pozadia, kontrast a podobne). V z\u00e1vislosti od druhu cookies pri \u010fal\u0161ej n\u00e1v\u0161teve Webu alebo prehliadan\u00ed jednotliv\u00fdch podstr\u00e1nok nie je potrebn\u00e9 n\u00e1v\u0161tevn\u00edkove preferencie op\u00e4\u0165 nastavi\u0165.<\/p>\t\t\t\t\t\t\t\t<\/div>\n\t\t\t\t<\/div>\n\t\t\t\t<div class=\"elementor-element elementor-element-ee979ca elementor-widget elementor-widget-heading\" data-id=\"ee979ca\" data-element_type=\"widget\" data-e-type=\"widget\" data-widget_type=\"heading.default\">\n\t\t\t\t<div class=\"elementor-widget-container\">\n\t\t\t\t\t<h2 class=\"elementor-heading-title elementor-size-default\">Ako ED pou\u017e\u00edva cookies<\/h2>\t\t\t\t<\/div>\n\t\t\t\t<\/div>\n\t\t\t\t<div class=\"elementor-element elementor-element-31d0d8d elementor-widget elementor-widget-text-editor\" data-id=\"31d0d8d\" data-element_type=\"widget\" data-e-type=\"widget\" data-widget_type=\"text-editor.default\">\n\t\t\t\t<div class=\"elementor-widget-container\">\n\t\t\t\t\t\t\t\t\t<p class=\"paragraph-lg pb-3\">ED na Webe pou\u017e\u00edva technick\u00e9 a analytick\u00e9 cookies. Technick\u00e9 cookies sa pou\u017e\u00edvaj\u00fa na zapam\u00e4tanie si nastavenia parametrov prehliada\u010da a to bez identifik\u00e1cie konkr\u00e9tneho n\u00e1v\u0161tevn\u00edka. Bez t\u00fdchto cookies niektor\u00e9 slu\u017eby Webu nemusia v\u00f4bec fungova\u0165, alebo m\u00f4\u017ee by\u0165 ich funk\u010dnos\u0165 obmedzen\u00e1. Analytick\u00e9 cookies n\u00e1stroja Google Analytics Spolo\u010dnosti umo\u017e\u0148uj\u00fa bez osobnej identifik\u00e1cie jednotliv\u00fdch n\u00e1v\u0161tevn\u00edkov pochopi\u0165 ako n\u00e1v\u0161tevn\u00edci pou\u017e\u00edvaj\u00fa Web.<\/p>\t\t\t\t\t\t\t\t<\/div>\n\t\t\t\t<\/div>\n\t\t\t\t<div class=\"elementor-element elementor-element-b9c71cc elementor-widget elementor-widget-heading\" data-id=\"b9c71cc\" data-element_type=\"widget\" data-e-type=\"widget\" data-widget_type=\"heading.default\">\n\t\t\t\t<div class=\"elementor-widget-container\">\n\t\t\t\t\t<h2 class=\"elementor-heading-title elementor-size-default\">S\u00fabory cookies z poh\u013eadu n\u00e1v\u0161tevn\u00edka<\/h2>\t\t\t\t<\/div>\n\t\t\t\t<\/div>\n\t\t\t\t<div class=\"elementor-element elementor-element-a47a9e5 elementor-widget elementor-widget-text-editor\" data-id=\"a47a9e5\" data-element_type=\"widget\" data-e-type=\"widget\" data-widget_type=\"text-editor.default\">\n\t\t\t\t<div class=\"elementor-widget-container\">\n\t\t\t\t\t\t\t\t\t<p class=\"paragraph-lg pb-3\">Pou\u017e\u00edvanie s\u00faborov cookie je mo\u017en\u00e9 nastavi\u0165 v pou\u017eitom internetovom prehliada\u010di. Viac inform\u00e1ci\u00ed o cookies obsahuje internetov\u00e1 str\u00e1nka aboutcookies.org.<\/p>\t\t\t\t\t\t\t\t<\/div>\n\t\t\t\t<\/div>\n\t\t\t\t<div class=\"elementor-element elementor-element-a86b9c4 pp-table-center elementor-widget elementor-widget-pp-table\" data-id=\"a86b9c4\" data-element_type=\"widget\" data-e-type=\"widget\" data-settings=\"{&quot;scrollable&quot;:&quot;yes&quot;,&quot;table_type&quot;:&quot;responsive&quot;}\" data-widget_type=\"pp-table.default\">\n\t\t\t\t<div class=\"elementor-widget-container\">\n\t\t\t\t\t\t\t<div class=\"pp-table-container\">\n\t\t\t<table \n\t\t\tclass=\"pp-table tablesaw\" data-tablesaw-mode=\"swipe\"\t\t\t\t>\n\t\t\t\t\t\t\t<colgroup>\n\t\t\t\t\t\t\t\t<col\n\t\t\t\t\tspan=\"1\"\n\t\t\t\t\tclass=\"elementor-repeater-item-0343fff\"\n\t\t\t\t\t\t\t\t\t\t\tstyle=\"\t\t\t\t\t\t\t\t\t\t\t\t\t\t\t\t\t\t\t\t\"\n\t\t\t\t\t\t\t\t\t\t>\n\t\t\t\t\t\t\t<\/colgroup>\n\t\t\t\t\t\t<thead>\n\t\t\t\t<tr class=\"pp-table-row\">\n\t\t\t\t\t<th class=\"pp-table-cell pp-table-cell-e761317\"><span class=\"pp-table-cell-content\"><span class=\"pp-table-cell-text\">Name<\/span><\/span><\/th><th class=\"pp-table-cell pp-table-cell-3824fee\"><span class=\"pp-table-cell-content\"><span class=\"pp-table-cell-text\">Poskytovate\u013e<\/span><\/span><\/th><th class=\"pp-table-cell pp-table-cell-d1580c1\"><span class=\"pp-table-cell-content\"><span class=\"pp-table-cell-text\">\u00da\u010del<\/span><\/span><\/th><th class=\"pp-table-cell pp-table-cell-6e17699\"><span class=\"pp-table-cell-content\"><span class=\"pp-table-cell-text\">Vypr\u0161anie<\/span><\/span><\/th><th class=\"pp-table-cell pp-table-cell-b949fae\"><span class=\"pp-table-cell-content\"><span class=\"pp-table-cell-text\">Typ<\/span><\/span><\/th>\t\t\t\t<\/tr>\n\t\t\t<\/thead>\n\t\t\t\t\t<tfoot>\n\t\t\t<\/tr>\t\t<\/tfoot>\n\t\t\t\t<tbody>\n\t\t\t<tr ><td class=\"pp-table-cell pp-table-cell-2e4b078\"><span class=\"pp-table-cell-content\"><span class=\"pp-table-cell-text\">_ga<\/span><\/span><\/td><td class=\"pp-table-cell pp-table-cell-16a54e0\"><span class=\"pp-table-cell-content\"><span class=\"pp-table-cell-text\"><a href=\"https:\/\/developers.google.com\/analytics\/devguides\/collection\/analyticsjs\/cookie-usage\" target=\"_blank\" rel=\"noopener noreferrer nofollow\"> Google Analytics<br>\n<\/a><\/span><\/span><\/td><td class=\"pp-table-cell pp-table-cell-47427ef\"><span class=\"pp-table-cell-content\"><span class=\"pp-table-cell-text\">Used to distinguish users<\/span><\/span><\/td><td class=\"pp-table-cell pp-table-cell-616f096\"><span class=\"pp-table-cell-content\"><span class=\"pp-table-cell-text\">2 years<\/span><\/span><\/td><td class=\"pp-table-cell pp-table-cell-a7b0c0f\"><span class=\"pp-table-cell-content\"><span class=\"pp-table-cell-text\">HTTP<\/span><\/span><\/td><\/tr><tr ><td class=\"pp-table-cell pp-table-cell-faa1492\"><span class=\"pp-table-cell-content\"><span class=\"pp-table-cell-text\">cookieyes-consent<\/span><\/span><\/td><td class=\"pp-table-cell pp-table-cell-39fc79d\"><span class=\"pp-table-cell-content\"><span class=\"pp-table-cell-text\"><a href=\"https:\/\/www.educal.sk\/en\/\" target=\"_blank\" rel=\"noopener noreferrer nofollow\"> Educal<br>\n<\/a><\/span><\/span><\/td><td class=\"pp-table-cell pp-table-cell-b01110e\"><span class=\"pp-table-cell-content\"><span class=\"pp-table-cell-text\">Uklad\u00e1 stav s\u00fahlasu u\u017e\u00edvate\u013ea so s\u00fabormi cookies pre aktu\u00e1lnu dom\u00e9nu<\/span><\/span><\/td><td class=\"pp-table-cell pp-table-cell-7e74e97\"><span class=\"pp-table-cell-content\"><span class=\"pp-table-cell-text\">1 year<\/span><\/span><\/td><td class=\"pp-table-cell pp-table-cell-e21a587\"><span class=\"pp-table-cell-content\"><span class=\"pp-table-cell-text\">HTTP<\/span><\/span><\/td><\/tr>\t\t<\/tbody>\n\t\t\t\t\t<\/table>\n\t\t<\/div>\n\t\t\t\t\t\t<\/div>\n\t\t\t\t<\/div>\n\t\t\t\t\t<\/div>\n\t\t<\/div>\n\t\t\t\t\t<\/div>\n\t\t<\/section>\n\t\t\t\t<\/div>","protected":false},"excerpt":{"rendered":"<p>Cookie Inform\u00e1cie o cookie EDUCAL s.r.o. (\u010falej \u201eED\u201c) \u00a0vyu\u017e\u00edva na internetovej str\u00e1nke www.educal.sk (\u010falej \u201eWeb\u201c) a jej podstr\u00e1nkach s\u00fabory cookies, ktor\u00e9 sl\u00fa\u017eia na optimaliz\u00e1ciu prev\u00e1dzky a z\u00edskanie d\u00e1t o sp\u00f4sobu pou\u017e\u00edvan\u00ed Webu jej n\u00e1v\u0161tevn\u00edkmi. Je to be\u017en\u00e1 prax v\u00e4\u010d\u0161iny ve\u013ek\u00fdch webov\u00fdch lokal\u00edt. \u010co s\u00fa s\u00fabory cookies \u201eCookie\u201c je mal\u00fd textov\u00fd s\u00fabor, ktor\u00fd Web uklad\u00e1 v [&hellip;]<\/p>\n","protected":false},"author":1,"featured_media":0,"parent":0,"menu_order":0,"comment_status":"closed","ping_status":"closed","template":"","meta":{"footnotes":""},"class_list":["post-1618","page","type-page","status-publish","hentry"],"blocksy_meta":[],"_links":{"self":[{"href":"https:\/\/www.educal.sk\/en\/wp-json\/wp\/v2\/pages\/1618","targetHints":{"allow":["GET"]}}],"collection":[{"href":"https:\/\/www.educal.sk\/en\/wp-json\/wp\/v2\/pages"}],"about":[{"href":"https:\/\/www.educal.sk\/en\/wp-json\/wp\/v2\/types\/page"}],"author":[{"embeddable":true,"href":"https:\/\/www.educal.sk\/en\/wp-json\/wp\/v2\/users\/1"}],"replies":[{"embeddable":true,"href":"https:\/\/www.educal.sk\/en\/wp-json\/wp\/v2\/comments?post=1618"}],"version-history":[{"count":0,"href":"https:\/\/www.educal.sk\/en\/wp-json\/wp\/v2\/pages\/1618\/revisions"}],"wp:attachment":[{"href":"https:\/\/www.educal.sk\/en\/wp-json\/wp\/v2\/media?parent=1618"}],"curies":[{"name":"wp","href":"https:\/\/api.w.org\/{rel}","templated":true}]}}