{"id":4350,"date":"2024-01-18T13:35:07","date_gmt":"2024-01-18T12:35:07","guid":{"rendered":"https:\/\/www.educal.sk\/?page_id=4350"},"modified":"2024-03-11T12:38:09","modified_gmt":"2024-03-11T11:38:09","slug":"translations","status":"publish","type":"page","link":"https:\/\/www.educal.sk\/en\/translations\/","title":{"rendered":"Translations"},"content":{"rendered":"<div data-elementor-type=\"wp-page\" data-elementor-id=\"4350\" class=\"elementor elementor-4350\" data-elementor-post-type=\"page\">\n\t\t\t\t\t\t<section class=\"elementor-section elementor-top-section elementor-element elementor-element-4a36a0a ct-section-stretched elementor-section-boxed elementor-section-height-default elementor-section-height-default\" data-id=\"4a36a0a\" data-element_type=\"section\" data-e-type=\"section\" data-settings=\"{&quot;background_background&quot;:&quot;classic&quot;}\">\n\t\t\t\t\t\t<div class=\"elementor-container elementor-column-gap-default\">\n\t\t\t\t\t<div class=\"elementor-column elementor-col-100 elementor-top-column elementor-element elementor-element-07f775f\" data-id=\"07f775f\" data-element_type=\"column\" data-e-type=\"column\">\n\t\t\t<div class=\"elementor-widget-wrap elementor-element-populated\">\n\t\t\t\t\t\t<div class=\"elementor-element elementor-element-f7c89b7 elementor-widget-divider--view-line elementor-widget elementor-widget-divider\" data-id=\"f7c89b7\" data-element_type=\"widget\" data-e-type=\"widget\" data-settings=\"{&quot;_animation_tablet&quot;:&quot;fadeInUp&quot;}\" data-widget_type=\"divider.default\">\n\t\t\t\t<div class=\"elementor-widget-container\">\n\t\t\t\t\t\t\t<div class=\"elementor-divider\">\n\t\t\t<span class=\"elementor-divider-separator\">\n\t\t\t\t\t\t<\/span>\n\t\t<\/div>\n\t\t\t\t\t\t<\/div>\n\t\t\t\t<\/div>\n\t\t\t\t<section class=\"elementor-section elementor-inner-section elementor-element elementor-element-60ef35b elementor-section-full_width elementor-section-height-default elementor-section-height-default\" data-id=\"60ef35b\" data-element_type=\"section\" data-e-type=\"section\" data-settings=\"{&quot;background_background&quot;:&quot;classic&quot;}\">\n\t\t\t\t\t\t<div class=\"elementor-container elementor-column-gap-default\">\n\t\t\t\t\t<div class=\"elementor-column elementor-col-100 elementor-inner-column elementor-element elementor-element-9bd2976\" data-id=\"9bd2976\" data-element_type=\"column\" data-e-type=\"column\">\n\t\t\t<div class=\"elementor-widget-wrap elementor-element-populated\">\n\t\t\t\t\t\t<div class=\"elementor-element elementor-element-b6647ca elementor-widget elementor-widget-text-editor\" data-id=\"b6647ca\" data-element_type=\"widget\" data-e-type=\"widget\" data-widget_type=\"text-editor.default\">\n\t\t\t\t<div class=\"elementor-widget-container\">\n\t\t\t\t\t\t\t\t\t<p>EDUCAL delivers\u00a0<strong>official\/certified<\/strong>\u00a0and\u00a0<strong>ordinary translation <\/strong>and <strong>interpreting services<\/strong>\u00a0in the highest professional quality. Our external translators and interpreters keep track of the media, websites and literature to provide precise linguistic nuances and cultural contexts. We strictly follow the rule of comprehensive review and quality control in compliance with legal and professional standards. <strong>Commitment to the client\u2019s confidentiality and privacy<\/strong> is a must.<\/p>\t\t\t\t\t\t\t\t<\/div>\n\t\t\t\t<\/div>\n\t\t\t\t<div class=\"elementor-element elementor-element-aa7b6c0 elementor-widget elementor-widget-heading\" data-id=\"aa7b6c0\" data-element_type=\"widget\" data-e-type=\"widget\" data-widget_type=\"heading.default\">\n\t\t\t\t<div class=\"elementor-widget-container\">\n\t\t\t\t\t<h2 class=\"elementor-heading-title elementor-size-default\">Professional official translations<\/h2>\t\t\t\t<\/div>\n\t\t\t\t<\/div>\n\t\t\t\t<div class=\"elementor-element elementor-element-a434efd elementor-widget elementor-widget-text-editor\" data-id=\"a434efd\" data-element_type=\"widget\" data-e-type=\"widget\" data-widget_type=\"text-editor.default\">\n\t\t\t\t<div class=\"elementor-widget-container\">\n\t\t\t\t\t\t\t\t\t<p class=\"translation-block\">In EDUCAL, our primary focus is providing official <strong>English<\/strong> and <strong>German<\/strong> translations. Our <strong>translation and localisation services<\/strong> are tailored to the needs of each client, whether it is <strong>legal documents, official documents, technical documents or translations of personal documents (birth certificates, diplomas, driving licences, etc.).<\/strong> Our professional translators will provide accurate and reliable translations with attention to detail and quality.<\/p>\t\t\t\t\t\t\t\t<\/div>\n\t\t\t\t<\/div>\n\t\t\t\t<div class=\"elementor-element elementor-element-879026f elementor-widget elementor-widget-heading\" data-id=\"879026f\" data-element_type=\"widget\" data-e-type=\"widget\" data-widget_type=\"heading.default\">\n\t\t\t\t<div class=\"elementor-widget-container\">\n\t\t\t\t\t<h2 class=\"elementor-heading-title elementor-size-default\">Ordinary translations<\/h2>\t\t\t\t<\/div>\n\t\t\t\t<\/div>\n\t\t\t\t<div class=\"elementor-element elementor-element-1612ebb elementor-widget elementor-widget-text-editor\" data-id=\"1612ebb\" data-element_type=\"widget\" data-e-type=\"widget\" data-widget_type=\"text-editor.default\">\n\t\t\t\t<div class=\"elementor-widget-container\">\n\t\t\t\t\t\t\t\t\t<p class=\"translation-block\">We provide high-quality translations that are essential for <strong>successful intercultural and professional communication<\/strong>. Our wide range of language services encompasses everything we can do to meet the specific requirements of clients from a variety of backgrounds, with an emphasis on cultural accuracy and linguistic nuance. Our approach to translation is based on <strong>thorough analysis and understanding of the context and style of the original text<\/strong>. This process ensures both the technical accuracy of the final translation and the adequacy of the cultural and contextual aspects of the target language.<\/p>\t\t\t\t\t\t\t\t<\/div>\n\t\t\t\t<\/div>\n\t\t\t\t<div class=\"elementor-element elementor-element-0c12295 elementor-widget-divider--view-line elementor-widget elementor-widget-divider\" data-id=\"0c12295\" data-element_type=\"widget\" data-e-type=\"widget\" data-widget_type=\"divider.default\">\n\t\t\t\t<div class=\"elementor-widget-container\">\n\t\t\t\t\t\t\t<div class=\"elementor-divider\">\n\t\t\t<span class=\"elementor-divider-separator\">\n\t\t\t\t\t\t<\/span>\n\t\t<\/div>\n\t\t\t\t\t\t<\/div>\n\t\t\t\t<\/div>\n\t\t\t\t<div class=\"elementor-element elementor-element-5c5fd34 elementor-widget elementor-widget-heading\" data-id=\"5c5fd34\" data-element_type=\"widget\" data-e-type=\"widget\" data-widget_type=\"heading.default\">\n\t\t\t\t<div class=\"elementor-widget-container\">\n\t\t\t\t\t<h2 class=\"elementor-heading-title elementor-size-default\">Comprehensive translation and interpreting services <\/h2>\t\t\t\t<\/div>\n\t\t\t\t<\/div>\n\t\t\t\t<div class=\"elementor-element elementor-element-417ff5b elementor-widget elementor-widget-text-editor\" data-id=\"417ff5b\" data-element_type=\"widget\" data-e-type=\"widget\" data-widget_type=\"text-editor.default\">\n\t\t\t\t<div class=\"elementor-widget-container\">\n\t\t\t\t\t\t\t\t\t<p style=\"margin-bottom:0px;\">In EDUCAL, we recognise that all translations are more than just a transfer of words between languages; they are a bridge between cultures and a tool for effective international communication. Our service is based on the following principles:<\/p>\n<ul>\n \t<li>Detailed analysis and understanding of the text<\/li>\n \t<li>Cultural adequacy and contextual accuracy<\/li>\n \t<li>Individualised approach<\/li>\n \t<li>Expert knowledge<\/li>\n<\/ul>\t\t\t\t\t\t\t\t<\/div>\n\t\t\t\t<\/div>\n\t\t\t\t<div class=\"elementor-element elementor-element-f807945 elementor-widget-divider--view-line elementor-widget elementor-widget-divider\" data-id=\"f807945\" data-element_type=\"widget\" data-e-type=\"widget\" data-widget_type=\"divider.default\">\n\t\t\t\t<div class=\"elementor-widget-container\">\n\t\t\t\t\t\t\t<div class=\"elementor-divider\">\n\t\t\t<span class=\"elementor-divider-separator\">\n\t\t\t\t\t\t<\/span>\n\t\t<\/div>\n\t\t\t\t\t\t<\/div>\n\t\t\t\t<\/div>\n\t\t\t\t<div class=\"elementor-element elementor-element-41ac088 elementor-widget elementor-widget-heading\" data-id=\"41ac088\" data-element_type=\"widget\" data-e-type=\"widget\" data-widget_type=\"heading.default\">\n\t\t\t\t<div class=\"elementor-widget-container\">\n\t\t\t\t\t<h2 class=\"elementor-heading-title elementor-size-default\">Pricing<\/h2>\t\t\t\t<\/div>\n\t\t\t\t<\/div>\n\t\t\t\t<div class=\"elementor-element elementor-element-79d2481 languageText elementor-widget elementor-widget-text-editor\" data-id=\"79d2481\" data-element_type=\"widget\" data-e-type=\"widget\" data-widget_type=\"text-editor.default\">\n\t\t\t\t<div class=\"elementor-widget-container\">\n\t\t\t\t\t\t\t\t\t<p style=\"margin-bottom: 0px;\">EDUCAL provides both official\/certified and ordinary document translations that are affordable and transparent, taking into account the following factors:<\/p><ul><li>Language and complexity: prices vary according to the language and complexity of the text<\/li><li>Volume and urgency: larger or urgent projects may have a higher price<\/li><li>Specific requirements: extra charges for special formatting or terminology<\/li><li>Long-term cooperation: discounts for regular clients and bulk orders<\/li><li>Express translations: within 24 hours<\/li><\/ul><p>We always provide cost-effective solutions without compromising on quality.<br \/>For more details, please <strong><a href=\"#contactForm\">contact us<\/a><\/strong>&nbsp;or fill in the form to request a quote <a href=\"https:\/\/www.educal.sk\/en\/request-translation-quotation\/\"><strong>here<\/strong><\/a>.<\/p>\t\t\t\t\t\t\t\t<\/div>\n\t\t\t\t<\/div>\n\t\t\t\t<div class=\"elementor-element elementor-element-900de68 elementor-align-center elementor-widget elementor-widget-button\" data-id=\"900de68\" data-element_type=\"widget\" data-e-type=\"widget\" data-widget_type=\"button.default\">\n\t\t\t\t<div class=\"elementor-widget-container\">\n\t\t\t\t\t\t\t\t\t<div class=\"elementor-button-wrapper\">\n\t\t\t\t\t<a class=\"elementor-button elementor-button-link elementor-size-sm\" href=\"https:\/\/www.educal.sk\/en\/request-translation-quotation\/\">\n\t\t\t\t\t\t<span class=\"elementor-button-content-wrapper\">\n\t\t\t\t\t\t\t\t\t<span class=\"elementor-button-text\">Please request a quote here<\/span>\n\t\t\t\t\t<\/span>\n\t\t\t\t\t<\/a>\n\t\t\t\t<\/div>\n\t\t\t\t\t\t\t\t<\/div>\n\t\t\t\t<\/div>\n\t\t\t\t\t<\/div>\n\t\t<\/div>\n\t\t\t\t\t<\/div>\n\t\t<\/section>\n\t\t\t\t\t<\/div>\n\t\t<\/div>\n\t\t\t\t\t<\/div>\n\t\t<\/section>\n\t\t\t\t<\/div>","protected":false},"excerpt":{"rendered":"<p>EDUCAL poskytuje \u00faradn\u00e9\/certifikovan\u00e9 a be\u017en\u00e9 prekladate\u013esk\u00e9 a tlmo\u010dn\u00edcke slu\u017eby v najvy\u0161\u0161ej profesion\u00e1lnej kvalite. Na\u0161i extern\u00ed prekladatelia a tlmo\u010dn\u00edci sleduj\u00fa m\u00e9di\u00e1, webov\u00e9 str\u00e1nky a literat\u00faru, aby poskytli presn\u00e9 jazykov\u00e9 nuansy a kult\u00farne s\u00favislosti. Pr\u00edsne dodr\u017eiavame pravidlo komplexnej rev\u00edzie a kontroly kvality v s\u00falade s pr\u00e1vnymi a profesion\u00e1lnymi normami. Samozrejmos\u0165ou je z\u00e1v\u00e4zok zachov\u00e1va\u0165 d\u00f4vernos\u0165 a s\u00fakromie klienta. [&hellip;]<\/p>\n","protected":false},"author":1,"featured_media":4351,"parent":0,"menu_order":0,"comment_status":"closed","ping_status":"closed","template":"","meta":{"footnotes":""},"class_list":["post-4350","page","type-page","status-publish","has-post-thumbnail","hentry"],"blocksy_meta":[],"_links":{"self":[{"href":"https:\/\/www.educal.sk\/en\/wp-json\/wp\/v2\/pages\/4350","targetHints":{"allow":["GET"]}}],"collection":[{"href":"https:\/\/www.educal.sk\/en\/wp-json\/wp\/v2\/pages"}],"about":[{"href":"https:\/\/www.educal.sk\/en\/wp-json\/wp\/v2\/types\/page"}],"author":[{"embeddable":true,"href":"https:\/\/www.educal.sk\/en\/wp-json\/wp\/v2\/users\/1"}],"replies":[{"embeddable":true,"href":"https:\/\/www.educal.sk\/en\/wp-json\/wp\/v2\/comments?post=4350"}],"version-history":[{"count":19,"href":"https:\/\/www.educal.sk\/en\/wp-json\/wp\/v2\/pages\/4350\/revisions"}],"predecessor-version":[{"id":6140,"href":"https:\/\/www.educal.sk\/en\/wp-json\/wp\/v2\/pages\/4350\/revisions\/6140"}],"wp:featuredmedia":[{"embeddable":true,"href":"https:\/\/www.educal.sk\/en\/wp-json\/wp\/v2\/media\/4351"}],"wp:attachment":[{"href":"https:\/\/www.educal.sk\/en\/wp-json\/wp\/v2\/media?parent=4350"}],"curies":[{"name":"wp","href":"https:\/\/api.w.org\/{rel}","templated":true}]}}